{"id":622,"date":"2020-03-03T23:40:53","date_gmt":"2020-03-03T23:40:53","guid":{"rendered":"http:\/\/radionocturna.com\/RN\/?page_id=622"},"modified":"2026-04-29T13:08:01","modified_gmt":"2026-04-29T19:08:01","slug":"chat-radio","status":"publish","type":"page","link":"https:\/\/radionocturna.com\/RN\/chat-radio\/","title":{"rendered":"CHAT + RADIO"},"content":{"rendered":"\t\t<div data-elementor-type=\"wp-page\" data-elementor-id=\"622\" class=\"elementor elementor-622\" data-elementor-post-type=\"page\">\n\t\t\t\t\t\t<section class=\"elementor-section elementor-top-section elementor-element elementor-element-cda9f98 elementor-section-boxed elementor-section-height-default elementor-section-height-default\" data-id=\"cda9f98\" data-element_type=\"section\" data-settings=\"{&quot;background_background&quot;:&quot;classic&quot;}\">\n\t\t\t\t\t\t\t<div class=\"elementor-background-overlay\"><\/div>\n\t\t\t\t\t\t\t<div class=\"elementor-container elementor-column-gap-no\">\n\t\t\t\t\t<div class=\"elementor-column elementor-col-100 elementor-top-column elementor-element elementor-element-7e9f245\" data-id=\"7e9f245\" data-element_type=\"column\">\n\t\t\t<div class=\"elementor-widget-wrap elementor-element-populated\">\n\t\t\t\t\t\t<section class=\"elementor-section elementor-inner-section elementor-element elementor-element-a12c882 elementor-section-height-min-height elementor-section-boxed elementor-section-height-default\" data-id=\"a12c882\" data-element_type=\"section\" data-settings=\"{&quot;background_background&quot;:&quot;classic&quot;}\">\n\t\t\t\t\t\t<div class=\"elementor-container elementor-column-gap-no\">\n\t\t\t\t\t<div class=\"elementor-column elementor-col-50 elementor-inner-column elementor-element elementor-element-02fcebb\" data-id=\"02fcebb\" data-element_type=\"column\" data-settings=\"{&quot;background_background&quot;:&quot;classic&quot;}\">\n\t\t\t<div class=\"elementor-widget-wrap\">\n\t\t\t\t\t\t\t<\/div>\n\t\t<\/div>\n\t\t\t\t<div class=\"elementor-column elementor-col-50 elementor-inner-column elementor-element elementor-element-c40c16c\" data-id=\"c40c16c\" data-element_type=\"column\" data-settings=\"{&quot;background_background&quot;:&quot;classic&quot;}\">\n\t\t\t<div class=\"elementor-widget-wrap elementor-element-populated\">\n\t\t\t\t\t\t<div class=\"elementor-element elementor-element-7d64df7 elementor-widget elementor-widget-spacer\" data-id=\"7d64df7\" data-element_type=\"widget\" data-widget_type=\"spacer.default\">\n\t\t\t\t<div class=\"elementor-widget-container\">\n\t\t\t\t\t<div class=\"elementor-spacer\">\n\t\t\t<div class=\"elementor-spacer-inner\"><\/div>\n\t\t<\/div>\n\t\t\t\t<\/div>\n\t\t\t\t<\/div>\n\t\t\t\t<div class=\"elementor-element elementor-element-fc90135 elementor-widget elementor-widget-heading\" data-id=\"fc90135\" data-element_type=\"widget\" data-widget_type=\"heading.default\">\n\t\t\t\t<div class=\"elementor-widget-container\">\n\t\t\t<h2 class=\"elementor-heading-title elementor-size-default\">Radio + Chat<\/h2>\t\t<\/div>\n\t\t\t\t<\/div>\n\t\t\t\t<div class=\"elementor-element elementor-element-699108b elementor-widget-divider--view-line elementor-widget elementor-widget-divider\" data-id=\"699108b\" data-element_type=\"widget\" data-widget_type=\"divider.default\">\n\t\t\t\t<div class=\"elementor-widget-container\">\n\t\t\t\t\t<div class=\"elementor-divider\">\n\t\t\t<span class=\"elementor-divider-separator\">\n\t\t\t\t\t\t<\/span>\n\t\t<\/div>\n\t\t\t\t<\/div>\n\t\t\t\t<\/div>\n\t\t\t\t<div class=\"elementor-element elementor-element-596b931 elementor-widget elementor-widget-heading\" data-id=\"596b931\" data-element_type=\"widget\" data-widget_type=\"heading.default\">\n\t\t\t\t<div class=\"elementor-widget-container\">\n\t\t\t<h2 class=\"elementor-heading-title elementor-size-default\">NOTA: En dispositivos m\u00f3viles se ve mejor en posici\u00f3n horizontal.<\/h2>\t\t<\/div>\n\t\t\t\t<\/div>\n\t\t\t\t<div class=\"elementor-element elementor-element-4b0dcf5 elementor-widget elementor-widget-spacer\" data-id=\"4b0dcf5\" data-element_type=\"widget\" data-widget_type=\"spacer.default\">\n\t\t\t\t<div class=\"elementor-widget-container\">\n\t\t\t\t\t<div class=\"elementor-spacer\">\n\t\t\t<div class=\"elementor-spacer-inner\"><\/div>\n\t\t<\/div>\n\t\t\t\t<\/div>\n\t\t\t\t<\/div>\n\t\t\t\t<div class=\"elementor-element elementor-element-037015f elementor-widget elementor-widget-ucaddon_audio_player_mejs\" data-id=\"037015f\" data-element_type=\"widget\" data-widget_type=\"ucaddon_audio_player_mejs.default\">\n\t\t\t\t<div class=\"elementor-widget-container\">\n\t\t\t<!-- start Audio Player -->\n\t\t<link id='font-awesome-css' href='https:\/\/radionocturna.com\/RN\/wp-content\/plugins\/unlimited-elements-for-elementor-premium\/assets_libraries\/font-awesome5\/css\/fontawesome-all.min.css' type='text\/css' rel='stylesheet' >\n\t\t<link id='font-awesome-4-shim-css' href='https:\/\/radionocturna.com\/RN\/wp-content\/plugins\/unlimited-elements-for-elementor-premium\/assets_libraries\/font-awesome5\/css\/fontawesome-v4-shims.css' type='text\/css' rel='stylesheet' >\n\t\t<link id='uc_cdnjs_cloudflare_com_ajax_libs_mediaelement_4_2_16_mediaelementplayer_min_css-css' href='https:\/\/cdnjs.cloudflare.com\/ajax\/libs\/mediaelement\/4.2.16\/mediaelementplayer.min.css' type='text\/css' rel='stylesheet' >\n\n\t\t\t<style type=\"text\/css\">\/* widget: Audio Player *\/\n\n#uc_audio_player_mejs_elementor_037015f,\n#uc_audio_player_mejs_elementor_037015f .ue-audio-player__wrapper {\n\tposition: relative;\n    text-align:center;\n}\n \n#uc_audio_player_mejs_elementor_037015f .ue-audio-player__container--content {\n  \tjustify-content: center;\n  \talign-items: center;\n}\n\n#uc_audio_player_mejs_elementor_037015f .ue-audio-player__element__thumbnail {\n  height: auto;\n}\n\n#uc_audio_player_mejs_elementor_037015f .mejs__container,\n.mejs__controls:not([style*=\"display: none\"]) { \n\tbackground: transparent;\n}\n\n#uc_audio_player_mejs_elementor_037015f .mejs__controls{\n  display:flex;\n  flex-wrap: wrap;\n  justify-content:center;\n  padding:0;\n}\n\n#uc_audio_player_mejs_elementor_037015f .mejs__button {\n\tdisplay: flex;\n    align-items: center;\n    justify-content: center;\n    flex-shrink:0;\n    flex-grow:0;\n    width:42px;\n    height:42px;\n}\n\n.mejs__horizontal-volume-slider\n{\n    flex-shrink:0;\n    flex-grow:0;\n}\n\n#uc_audio_player_mejs_elementor_037015f .mejs__button > button { \n  \tbackground: none;\n  \tfont-family: \"Font Awesome 5 Free\";\n  \tfont-weight: 900;\n    margin:0;\n}\n\n#uc_audio_player_mejs_elementor_037015f .mejs__play>button::before { \n\tcontent: \"\\f04b\";\n    font-size:16px !important;\n    line-height:16px;\n}\n\n#uc_audio_player_mejs_elementor_037015f .mejs__pause>button::before { \n\tcontent: \"\\f04c\";\n    font-size:16px !important;\n    line-height:16px;\n}\n\n#uc_audio_player_mejs_elementor_037015f .mejs__mute>button::before { \n\tcontent: \"\\f028\";\n    font-size:16px !important;\n    line-height:16px;\n}\n\n#uc_audio_player_mejs_elementor_037015f .mejs__unmute>button::before { \n\tcontent: \"\\f6a9\";\n    font-size:16px !important;\n    line-height:16px;\n}\n\n#uc_audio_player_mejs_elementor_037015f .mejs__replay>button::before { \n\tcontent: \"\\f01e\";\n    font-size:16px !important;\n    line-height:16px;\n}\n\n\n\n#uc_audio_player_mejs_elementor_037015f .mejs__time-total, \n#uc_audio_player_mejs_elementor_037015f .mejs__time-loaded, \n#uc_audio_player_mejs_elementor_037015f .mejs__time-current,\n#uc_audio_player_mejs_elementor_037015f .mejs__horizontal-volume-total,\n#uc_audio_player_mejs_elementor_037015f .mejs__horizontal-volume-current{\n  border-radius: 0px;\n}\n\n\n#uc_audio_player_mejs_elementor_037015f .mejs__time-loaded {\n  background: #000000;\n}\n\n#uc_audio_player_mejs_elementor_037015f .mejs__time-current {\n  background: #FFFFFF;\n}\n\n#uc_audio_player_mejs_elementor_037015f .mejs__time\n{\n  flex-grow:0;\n  flex-shrink:0;\n}\n\n#uc_audio_player_mejs_elementor_037015fdownload\n{\n  display:block;\n  text-align:center;\n  transition:0.3s;\n}\n\n<\/style>\n\n\t\t\t\n\n<div id=\"uc_audio_player_mejs_elementor_037015f\" class=\"ue-audio-player\">\n  <div class=\"ue-audio-player__wrapper\">\n    <div class=\"ue-audio-player__container ue-audio-player__container--content\">\n                        <div class=\"ue-audio-player__element ue-audio-player__element--audio-title\">Somos M\u00e1s que una Radio<\/div>\n      \t      \t          <div class=\"ue-audio-player__element ue-audio-player__element--audio-description\">presiona PLAY si no inicia autom\u00e1ticamente <\/div>\n            <\/div>\n    \n    <div class=\"ue-audio-controls\">\n      <div class=\"ue-audio-player__container ue-audio-player__container--controls\">\n        <audio class=\"ue-audio-player-element ue-audio-player-element__controls\" autoplay>\n          <source src=\"https:\/\/sonic.globalstreaming.net\/8004\/;\" type=\"audio\/mp3\" >\n        <\/audio>\n      <\/div>\n    <\/div>\n  <\/div>\n<\/div>\n\n\n\t\t\t<!-- end Audio Player -->\t\t<\/div>\n\t\t\t\t<\/div>\n\t\t\t\t<div class=\"elementor-element elementor-element-b69d26f elementor-widget elementor-widget-spacer\" data-id=\"b69d26f\" data-element_type=\"widget\" data-widget_type=\"spacer.default\">\n\t\t\t\t<div class=\"elementor-widget-container\">\n\t\t\t\t\t<div class=\"elementor-spacer\">\n\t\t\t<div class=\"elementor-spacer-inner\"><\/div>\n\t\t<\/div>\n\t\t\t\t<\/div>\n\t\t\t\t<\/div>\n\t\t\t\t\t<\/div>\n\t\t<\/div>\n\t\t\t\t\t<\/div>\n\t\t<\/section>\n\t\t\t\t<section class=\"elementor-section elementor-inner-section elementor-element elementor-element-1861505 elementor-section-height-min-height elementor-section-boxed elementor-section-height-default\" data-id=\"1861505\" data-element_type=\"section\" data-settings=\"{&quot;background_background&quot;:&quot;classic&quot;}\">\n\t\t\t\t\t\t<div class=\"elementor-container elementor-column-gap-no\">\n\t\t\t\t\t<div class=\"elementor-column elementor-col-66 elementor-inner-column elementor-element elementor-element-7a091da\" data-id=\"7a091da\" data-element_type=\"column\" data-settings=\"{&quot;background_background&quot;:&quot;classic&quot;}\">\n\t\t\t<div class=\"elementor-widget-wrap\">\n\t\t\t\t\t\t\t<\/div>\n\t\t<\/div>\n\t\t\t\t<div class=\"elementor-column elementor-col-33 elementor-inner-column elementor-element elementor-element-9cf7e3f\" data-id=\"9cf7e3f\" data-element_type=\"column\" data-settings=\"{&quot;background_background&quot;:&quot;classic&quot;}\">\n\t\t\t<div class=\"elementor-widget-wrap elementor-element-populated\">\n\t\t\t\t\t\t<div class=\"elementor-element elementor-element-582f817 elementor-widget elementor-widget-spacer\" data-id=\"582f817\" data-element_type=\"widget\" data-widget_type=\"spacer.default\">\n\t\t\t\t<div class=\"elementor-widget-container\">\n\t\t\t\t\t<div class=\"elementor-spacer\">\n\t\t\t<div class=\"elementor-spacer-inner\"><\/div>\n\t\t<\/div>\n\t\t\t\t<\/div>\n\t\t\t\t<\/div>\n\t\t\t\t<div class=\"elementor-element elementor-element-31707ad elementor-widget elementor-widget-heading\" data-id=\"31707ad\" data-element_type=\"widget\" data-widget_type=\"heading.default\">\n\t\t\t\t<div class=\"elementor-widget-container\">\n\t\t\t<h2 class=\"elementor-heading-title elementor-size-default\">mensajes TELEGRAM \/ WHATSAPP Solo disponibles para cabina RN\/RC Guadalajara  33 3876 4792<\/h2>\t\t<\/div>\n\t\t\t\t<\/div>\n\t\t\t\t<div class=\"elementor-element elementor-element-0e146f0 elementor-widget elementor-widget-spacer\" data-id=\"0e146f0\" data-element_type=\"widget\" data-widget_type=\"spacer.default\">\n\t\t\t\t<div class=\"elementor-widget-container\">\n\t\t\t\t\t<div class=\"elementor-spacer\">\n\t\t\t<div class=\"elementor-spacer-inner\"><\/div>\n\t\t<\/div>\n\t\t\t\t<\/div>\n\t\t\t\t<\/div>\n\t\t\t\t<div class=\"elementor-element elementor-element-d668b5b elementor-widget elementor-widget-ucaddon_blox_btn_group\" data-id=\"d668b5b\" data-element_type=\"widget\" data-widget_type=\"ucaddon_blox_btn_group.default\">\n\t\t\t\t<div class=\"elementor-widget-container\">\n\t\t\t<!-- start Button Group -->\n\n\t\t\t<style type=\"text\/css\">\/* widget: Button Group *\/\n\n#uc_blox_btn_group_elementor_d668b5b\n{\n  display:flex;\n  flex-wrap: wrap;\n}\n\n#uc_blox_btn_group_elementor_d668b5b a\n{\n  display:block;\n  text-decoration:none;\n  transition:0.3s;\n\n}\n\n#uc_blox_btn_group_elementor_d668b5b .blox_btn_group_inner\n{\n  display:inline-flex;\n  align-items:center;\n}\n\n#uc_blox_btn_group_elementor_d668b5b .blox_btn_group_inner .ue-btn-icon\n{\n  line-height:1em;\n}\n\n#uc_blox_btn_group_elementor_d668b5b .blox_btn_group_inner .ue-btn-icon svg\n{\n  height:1em;\n  width:1em;\n}\n\n<\/style>\n\n\t\t\t<div id=\"uc_blox_btn_group_elementor_d668b5b\" class=\"blox_btn_group\">\n  <a class=\"elementor-repeater-item-73da96a elementor-animation-pop\" href=\"https:\/\/t.me\/cabinaRNguadalajara\" id=\"uc_blox_btn_group_elementor_d668b5b_item1\"  target='_blank'>\n  <div class=\"blox_btn_group_inner\">\n        <div class=\"ue-btn-icon\"><i class='fab fa-telegram-plane'><\/i><\/div>\n        <div class=\"ue-btn-txt\">mensaje telegram<\/div>\n  <\/div>\n<\/a>\n<a class=\"elementor-repeater-item-ea3ccd6 elementor-animation-pop\" href=\"https:\/\/wa.me\/3338764792\" id=\"uc_blox_btn_group_elementor_d668b5b_item2\"  target='_blank'>\n  <div class=\"blox_btn_group_inner\">\n        <div class=\"ue-btn-icon\"><i class='fab fa-whatsapp'><\/i><\/div>\n        <div class=\"ue-btn-txt\">mensaje whatsapp<\/div>\n  <\/div>\n<\/a>\n\n  \n\n\n<\/div>\n\t\t\t<!-- end Button Group -->\t\t<\/div>\n\t\t\t\t<\/div>\n\t\t\t\t<div class=\"elementor-element elementor-element-1caa3b4 elementor-widget elementor-widget-spacer\" data-id=\"1caa3b4\" data-element_type=\"widget\" data-widget_type=\"spacer.default\">\n\t\t\t\t<div class=\"elementor-widget-container\">\n\t\t\t\t\t<div class=\"elementor-spacer\">\n\t\t\t<div class=\"elementor-spacer-inner\"><\/div>\n\t\t<\/div>\n\t\t\t\t<\/div>\n\t\t\t\t<\/div>\n\t\t\t\t<div class=\"elementor-element elementor-element-5ea0d3b elementor-widget elementor-widget-html\" data-id=\"5ea0d3b\" data-element_type=\"widget\" data-widget_type=\"html.default\">\n\t\t\t\t<div class=\"elementor-widget-container\">\n\t\t\t<script id=\"cid0020000428373016577\" data-cfasync=\"false\" async src=\"\/\/st.chatango.com\/js\/gz\/emb.js\" style=\"width: 250px;height: 460px;\">{\"handle\":\"chatrnrc\",\"arch\":\"js\",\"styles\":{\"a\":\"111111\",\"b\":100,\"c\":\"e0e0e0\",\"d\":\"404040\",\"e\":\"000000\",\"g\":\"ffffff\",\"h\":\"000000\",\"j\":\"ffffff\",\"k\":\"808080\",\"l\":\"FF0000\",\"m\":\"222222\",\"n\":\"FFFFFF\",\"p\":\"10.44\",\"q\":\"FF0000\",\"r\":100,\"sbc\":\"888888\",\"cnrs\":\"0.44\",\"fwtickm\":0}}<\/script>\t\t<\/div>\n\t\t\t\t<\/div>\n\t\t\t\t<div class=\"elementor-element elementor-element-6c8d636 elementor-widget elementor-widget-spacer\" data-id=\"6c8d636\" data-element_type=\"widget\" data-widget_type=\"spacer.default\">\n\t\t\t\t<div class=\"elementor-widget-container\">\n\t\t\t\t\t<div class=\"elementor-spacer\">\n\t\t\t<div class=\"elementor-spacer-inner\"><\/div>\n\t\t<\/div>\n\t\t\t\t<\/div>\n\t\t\t\t<\/div>\n\t\t\t\t<div class=\"elementor-element elementor-element-34f9113 elementor-widget elementor-widget-ucaddon_blox_btn_group\" data-id=\"34f9113\" data-element_type=\"widget\" data-widget_type=\"ucaddon_blox_btn_group.default\">\n\t\t\t\t<div class=\"elementor-widget-container\">\n\t\t\t<!-- start Button Group -->\n\n\t\t\t<style type=\"text\/css\">\/* widget: Button Group *\/\n\n#uc_blox_btn_group_elementor_34f9113\n{\n  display:flex;\n  flex-wrap: wrap;\n}\n\n#uc_blox_btn_group_elementor_34f9113 a\n{\n  display:block;\n  text-decoration:none;\n  transition:0.3s;\n\n}\n\n#uc_blox_btn_group_elementor_34f9113 .blox_btn_group_inner\n{\n  display:inline-flex;\n  align-items:center;\n}\n\n#uc_blox_btn_group_elementor_34f9113 .blox_btn_group_inner .ue-btn-icon\n{\n  line-height:1em;\n}\n\n#uc_blox_btn_group_elementor_34f9113 .blox_btn_group_inner .ue-btn-icon svg\n{\n  height:1em;\n  width:1em;\n}\n\n<\/style>\n\n\t\t\t<div id=\"uc_blox_btn_group_elementor_34f9113\" class=\"blox_btn_group\">\n  <a class=\"elementor-repeater-item-f3514fc elementor-animation-pop\" href=\"https:\/\/radionocturna.com\/RN\/chat-video\/\" id=\"uc_blox_btn_group_elementor_34f9113_item1\" >\n  <div class=\"blox_btn_group_inner\">\n        <div class=\"ue-btn-icon\"><i class='fas fa-video'><\/i><\/div>\n        <div class=\"ue-btn-txt\">SOLO v\u00eddeo + CHAT<\/div>\n  <\/div>\n<\/a>\n<a class=\"elementor-repeater-item-7883d4f elementor-animation-pop\" href=\"https:\/\/radionocturna.com\/RN\/solo-video\/\" id=\"uc_blox_btn_group_elementor_34f9113_item2\" >\n  <div class=\"blox_btn_group_inner\">\n        <div class=\"ue-btn-icon\"><i class='fas fa-video'><\/i><\/div>\n        <div class=\"ue-btn-txt\">solo se\u00f1al v\u00eddeo<\/div>\n  <\/div>\n<\/a>\n<a class=\"elementor-repeater-item-b841c9a elementor-animation-pop\" href=\"https:\/\/radionocturna.com\/RN\/basica\/\" id=\"uc_blox_btn_group_elementor_34f9113_item3\" >\n  <div class=\"blox_btn_group_inner\">\n        <div class=\"ue-btn-icon\"><i class='fas fa-tablet-alt'><\/i><\/div>\n        <div class=\"ue-btn-txt\">versi\u00f3n b\u00e1sica<\/div>\n  <\/div>\n<\/a>\n<a class=\"elementor-repeater-item-cc782ee elementor-animation-pop\" href=\"https:\/\/radionocturna.com\/RN\/rn2026\/\" id=\"uc_blox_btn_group_elementor_34f9113_item4\" >\n  <div class=\"blox_btn_group_inner\">\n        <div class=\"ue-btn-icon\"><i class='fas fa-desktop'><\/i><\/div>\n        <div class=\"ue-btn-txt\">versi\u00f3n est\u00e1ndar<\/div>\n  <\/div>\n<\/a>\n\n  \n\n\n<\/div>\n\t\t\t<!-- end Button Group -->\t\t<\/div>\n\t\t\t\t<\/div>\n\t\t\t\t<div class=\"elementor-element elementor-element-a942b7e elementor-widget elementor-widget-spacer\" data-id=\"a942b7e\" data-element_type=\"widget\" data-widget_type=\"spacer.default\">\n\t\t\t\t<div class=\"elementor-widget-container\">\n\t\t\t\t\t<div class=\"elementor-spacer\">\n\t\t\t<div class=\"elementor-spacer-inner\"><\/div>\n\t\t<\/div>\n\t\t\t\t<\/div>\n\t\t\t\t<\/div>\n\t\t\t\t\t<\/div>\n\t\t<\/div>\n\t\t\t\t\t<\/div>\n\t\t<\/section>\n\t\t\t\t\t<\/div>\n\t\t<\/div>\n\t\t\t\t\t<\/div>\n\t\t<\/section>\n\t\t\t\t<\/div>\n\t\t","protected":false},"excerpt":{"rendered":"<p>Radio + Chat NOTA: En dispositivos m\u00f3viles se ve mejor en posici\u00f3n horizontal. Somos M\u00e1s que una Radio presiona PLAY si no inicia autom\u00e1ticamente mensajes TELEGRAM \/ WHATSAPP Solo disponibles para cabina RN\/RC Guadalajara 33 3876 4792 mensaje telegram mensaje whatsapp SOLO v\u00eddeo + CHAT solo se\u00f1al v\u00eddeo versi\u00f3n b\u00e1sica versi\u00f3n est\u00e1ndar<\/p>\n","protected":false},"author":1,"featured_media":0,"parent":0,"menu_order":0,"comment_status":"closed","ping_status":"closed","template":"elementor_header_footer","meta":{"ocean_post_layout":"","ocean_both_sidebars_style":"","ocean_both_sidebars_content_width":0,"ocean_both_sidebars_sidebars_width":0,"ocean_sidebar":"0","ocean_second_sidebar":"0","ocean_disable_margins":"enable","ocean_add_body_class":"","ocean_shortcode_before_top_bar":"","ocean_shortcode_after_top_bar":"","ocean_shortcode_before_header":"","ocean_shortcode_after_header":"","ocean_has_shortcode":"","ocean_shortcode_after_title":"","ocean_shortcode_before_footer_widgets":"","ocean_shortcode_after_footer_widgets":"","ocean_shortcode_before_footer_bottom":"","ocean_shortcode_after_footer_bottom":"","ocean_display_top_bar":"off","ocean_display_header":"off","ocean_header_style":"","ocean_center_header_left_menu":"0","ocean_custom_header_template":"0","ocean_custom_logo":0,"ocean_custom_retina_logo":0,"ocean_custom_logo_max_width":0,"ocean_custom_logo_tablet_max_width":0,"ocean_custom_logo_mobile_max_width":0,"ocean_custom_logo_max_height":0,"ocean_custom_logo_tablet_max_height":0,"ocean_custom_logo_mobile_max_height":0,"ocean_header_custom_menu":"0","ocean_menu_typo_font_family":"0","ocean_menu_typo_font_subset":"","ocean_menu_typo_font_size":0,"ocean_menu_typo_font_size_tablet":0,"ocean_menu_typo_font_size_mobile":0,"ocean_menu_typo_font_size_unit":"px","ocean_menu_typo_font_weight":"","ocean_menu_typo_font_weight_tablet":"","ocean_menu_typo_font_weight_mobile":"","ocean_menu_typo_transform":"","ocean_menu_typo_transform_tablet":"","ocean_menu_typo_transform_mobile":"","ocean_menu_typo_line_height":0,"ocean_menu_typo_line_height_tablet":0,"ocean_menu_typo_line_height_mobile":0,"ocean_menu_typo_line_height_unit":"","ocean_menu_typo_spacing":0,"ocean_menu_typo_spacing_tablet":0,"ocean_menu_typo_spacing_mobile":0,"ocean_menu_typo_spacing_unit":"","ocean_menu_link_color":"","ocean_menu_link_color_hover":"","ocean_menu_link_color_active":"","ocean_menu_link_background":"","ocean_menu_link_hover_background":"","ocean_menu_link_active_background":"","ocean_menu_social_links_bg":"","ocean_menu_social_hover_links_bg":"","ocean_menu_social_links_color":"","ocean_menu_social_hover_links_color":"","ocean_disable_title":"on","ocean_disable_heading":"default","ocean_post_title":"","ocean_post_subheading":"","ocean_post_title_style":"","ocean_post_title_background_color":"","ocean_post_title_background":0,"ocean_post_title_bg_image_position":"","ocean_post_title_bg_image_attachment":"","ocean_post_title_bg_image_repeat":"","ocean_post_title_bg_image_size":"","ocean_post_title_height":0,"ocean_post_title_bg_overlay":0.5,"ocean_post_title_bg_overlay_color":"","ocean_disable_breadcrumbs":"default","ocean_breadcrumbs_color":"","ocean_breadcrumbs_separator_color":"","ocean_breadcrumbs_links_color":"","ocean_breadcrumbs_links_hover_color":"","ocean_display_footer_widgets":"default","ocean_display_footer_bottom":"default","ocean_custom_footer_template":"0","footnotes":""},"class_list":["post-622","page","type-page","status-publish","hentry","entry"],"_links":{"self":[{"href":"https:\/\/radionocturna.com\/RN\/wp-json\/wp\/v2\/pages\/622","targetHints":{"allow":["GET"]}}],"collection":[{"href":"https:\/\/radionocturna.com\/RN\/wp-json\/wp\/v2\/pages"}],"about":[{"href":"https:\/\/radionocturna.com\/RN\/wp-json\/wp\/v2\/types\/page"}],"author":[{"embeddable":true,"href":"https:\/\/radionocturna.com\/RN\/wp-json\/wp\/v2\/users\/1"}],"replies":[{"embeddable":true,"href":"https:\/\/radionocturna.com\/RN\/wp-json\/wp\/v2\/comments?post=622"}],"version-history":[{"count":3312,"href":"https:\/\/radionocturna.com\/RN\/wp-json\/wp\/v2\/pages\/622\/revisions"}],"predecessor-version":[{"id":175523,"href":"https:\/\/radionocturna.com\/RN\/wp-json\/wp\/v2\/pages\/622\/revisions\/175523"}],"wp:attachment":[{"href":"https:\/\/radionocturna.com\/RN\/wp-json\/wp\/v2\/media?parent=622"}],"curies":[{"name":"wp","href":"https:\/\/api.w.org\/{rel}","templated":true}]}}