{"id":89768,"date":"2022-08-04T12:39:25","date_gmt":"2022-08-04T17:39:25","guid":{"rendered":"https:\/\/radionocturna.com\/RN\/?page_id=89768"},"modified":"2026-04-10T09:32:42","modified_gmt":"2026-04-10T15:32:42","slug":"entrada-rn","status":"publish","type":"page","link":"https:\/\/radionocturna.com\/RN\/","title":{"rendered":"ENTRADA RN"},"content":{"rendered":"\t\t<div data-elementor-type=\"wp-page\" data-elementor-id=\"89768\" class=\"elementor elementor-89768\" data-elementor-post-type=\"page\">\n\t\t\t\t\t\t<section class=\"elementor-section elementor-top-section elementor-element elementor-element-9bb13e6 elementor-section-height-full elementor-section-boxed elementor-section-height-default elementor-section-items-middle\" data-id=\"9bb13e6\" data-element_type=\"section\" data-settings=\"{&quot;background_background&quot;:&quot;classic&quot;}\">\n\t\t\t\t\t\t\t<div class=\"elementor-background-overlay\"><\/div>\n\t\t\t\t\t\t\t<div class=\"elementor-container elementor-column-gap-no\">\n\t\t\t\t\t<div class=\"elementor-column elementor-col-100 elementor-top-column elementor-element elementor-element-eb18966\" data-id=\"eb18966\" data-element_type=\"column\">\n\t\t\t<div class=\"elementor-widget-wrap elementor-element-populated\">\n\t\t\t\t\t\t<section class=\"elementor-section elementor-inner-section elementor-element elementor-element-198300d elementor-section-height-min-height elementor-section-full_width elementor-section-height-default\" data-id=\"198300d\" data-element_type=\"section\">\n\t\t\t\t\t\t<div class=\"elementor-container elementor-column-gap-no\">\n\t\t\t\t\t<div class=\"elementor-column elementor-col-66 elementor-inner-column elementor-element elementor-element-d5d5284\" data-id=\"d5d5284\" data-element_type=\"column\">\n\t\t\t<div class=\"elementor-widget-wrap elementor-element-populated\">\n\t\t\t\t\t\t<div class=\"elementor-element elementor-element-aa82db1 elementor-widget elementor-widget-spacer\" data-id=\"aa82db1\" data-element_type=\"widget\" data-widget_type=\"spacer.default\">\n\t\t\t\t<div class=\"elementor-widget-container\">\n\t\t\t\t\t<div class=\"elementor-spacer\">\n\t\t\t<div class=\"elementor-spacer-inner\"><\/div>\n\t\t<\/div>\n\t\t\t\t<\/div>\n\t\t\t\t<\/div>\n\t\t\t\t<div class=\"elementor-element elementor-element-fc4fd38 elementor-widget elementor-widget-ucaddon_dual_color_heading\" data-id=\"fc4fd38\" data-element_type=\"widget\" data-widget_type=\"ucaddon_dual_color_heading.default\">\n\t\t\t\t<div class=\"elementor-widget-container\">\n\t\t\t<!-- start Dual Color Heading -->\n\n\t\t\t<div style=\"text-align:left;\">\n  <div>\n  \t<span  class=\"uc_style_dual_color_heading_elementor_title_one\" style=\"color:#FFFFFF;\">RADIONOCTURNA<\/span> <span  class=\"uc_style_dual_color_heading_elementor_title_two\" style=\"color:#FF005A;\">.com<\/span>\n  <\/div>\n<\/div>\n\t\t\t<!-- end Dual Color Heading -->\t\t<\/div>\n\t\t\t\t<\/div>\n\t\t\t\t<div class=\"elementor-element elementor-element-ceff984 elementor-widget elementor-widget-spacer\" data-id=\"ceff984\" data-element_type=\"widget\" data-widget_type=\"spacer.default\">\n\t\t\t\t<div class=\"elementor-widget-container\">\n\t\t\t\t\t<div class=\"elementor-spacer\">\n\t\t\t<div class=\"elementor-spacer-inner\"><\/div>\n\t\t<\/div>\n\t\t\t\t<\/div>\n\t\t\t\t<\/div>\n\t\t\t\t<div class=\"elementor-element elementor-element-8da3d32 elementor-view-default elementor-widget elementor-widget-icon\" data-id=\"8da3d32\" data-element_type=\"widget\" data-widget_type=\"icon.default\">\n\t\t\t\t<div class=\"elementor-widget-container\">\n\t\t\t\t\t<div class=\"elementor-icon-wrapper\">\n\t\t\t<div class=\"elementor-icon\">\n\t\t\t<i aria-hidden=\"true\" class=\"fas fa-cloud-moon\"><\/i>\t\t\t<\/div>\n\t\t<\/div>\n\t\t\t\t<\/div>\n\t\t\t\t<\/div>\n\t\t\t\t<div class=\"elementor-element elementor-element-29cf023 elementor-widget elementor-widget-ucaddon_text_rotator\" data-id=\"29cf023\" data-element_type=\"widget\" data-widget_type=\"ucaddon_text_rotator.default\">\n\t\t\t\t<div class=\"elementor-widget-container\">\n\t\t\t<!-- start Text Rotator -->\n\t\t<link id='uc_ac_assets_file_morphext_css_52-css' href='https:\/\/radionocturna.com\/RN\/wp-content\/uploads\/ac_assets\/Text Rotator\/morphext.css' type='text\/css' rel='stylesheet' >\n\t\t<link id='uc_ac_assets_file_animate_css_77907-css' href='https:\/\/radionocturna.com\/RN\/wp-content\/uploads\/ac_assets\/Text Rotator\/animate.css' type='text\/css' rel='stylesheet' >\n\n\t\t\t<style type=\"text\/css\">\/* widget: Text Rotator *\/\n\n#uc_text_rotator_elementor_29cf023 span.string\n{\n  display:block;\n}\n\n\n\n<\/style>\n\n\t\t\t<div style=\"text-align:left;\" id=\"uc_text_rotator_elementor_29cf023\">\n  <span class=\"string beginning_text_typography\" >Siempre<\/span> \n  <span class=\"string\"><span class=\"js-rotating middle_text_typography\"> en vivo\n\n<span style=\"display: none;\">, sin censura<\/span>\n\n<span style=\"display: none;\">, comunidad<\/span>\n\n<span style=\"display: none;\">, cultural<\/span>\n\n<span style=\"display: none;\">, divertida<\/span>\n\n<\/span><\/span> \n  <span class=\"string ending_text_typography\">La Estaci\u00f3n  M\u00e1s Sexy en Internet<\/span>\n<\/div>\n\t\t\t<!-- end Text Rotator -->\t\t<\/div>\n\t\t\t\t<\/div>\n\t\t\t\t<div class=\"elementor-element elementor-element-2238954 elementor-widget elementor-widget-spacer\" data-id=\"2238954\" data-element_type=\"widget\" data-widget_type=\"spacer.default\">\n\t\t\t\t<div class=\"elementor-widget-container\">\n\t\t\t\t\t<div class=\"elementor-spacer\">\n\t\t\t<div class=\"elementor-spacer-inner\"><\/div>\n\t\t<\/div>\n\t\t\t\t<\/div>\n\t\t\t\t<\/div>\n\t\t\t\t<div class=\"elementor-element elementor-element-f9f723f elementor-widget elementor-widget-heading\" data-id=\"f9f723f\" data-element_type=\"widget\" data-widget_type=\"heading.default\">\n\t\t\t\t<div class=\"elementor-widget-container\">\n\t\t\t<h2 class=\"elementor-heading-title elementor-size-default\">20 a\u00f1os al aire ofreciendo un espacio de expresi\u00f3n para el entretenimiento adulto. Sexualidad, desmadre, cultura, alternativos, diversidad y m\u00e1s. 100% libres de censura y siempre en Vivo!<\/h2>\t\t<\/div>\n\t\t\t\t<\/div>\n\t\t\t\t<div class=\"elementor-element elementor-element-7cd106c elementor-widget elementor-widget-spacer\" data-id=\"7cd106c\" data-element_type=\"widget\" data-widget_type=\"spacer.default\">\n\t\t\t\t<div class=\"elementor-widget-container\">\n\t\t\t\t\t<div class=\"elementor-spacer\">\n\t\t\t<div class=\"elementor-spacer-inner\"><\/div>\n\t\t<\/div>\n\t\t\t\t<\/div>\n\t\t\t\t<\/div>\n\t\t\t\t<div class=\"elementor-element elementor-element-1813cea elementor-widget elementor-widget-ucaddon_image_card_carousel\" data-id=\"1813cea\" data-element_type=\"widget\" data-widget_type=\"ucaddon_image_card_carousel.default\">\n\t\t\t\t<div class=\"elementor-widget-container\">\n\t\t\t<!-- start Image Card Carousel -->\n\t\t<link id='font-awesome-css' href='https:\/\/radionocturna.com\/RN\/wp-content\/plugins\/unlimited-elements-for-elementor-premium\/assets_libraries\/font-awesome5\/css\/fontawesome-all.min.css' type='text\/css' rel='stylesheet' >\n\t\t<link id='font-awesome-4-shim-css' href='https:\/\/radionocturna.com\/RN\/wp-content\/plugins\/unlimited-elements-for-elementor-premium\/assets_libraries\/font-awesome5\/css\/fontawesome-v4-shims.css' type='text\/css' rel='stylesheet' >\n\t\t<link id='owl-carousel-css' href='https:\/\/radionocturna.com\/RN\/wp-content\/plugins\/unlimited-elements-for-elementor-premium\/assets_libraries\/owl-carousel\/assets\/owl.carousel.css' type='text\/css' rel='stylesheet' >\n\n\t\t\t<style type=\"text\/css\">\/* widget: Image Card Carousel *\/\n\n#uc_image_card_carousel_elementor_1813cea .owl-dots {\noverflow:hidden;\ndisplay:block !important;\ntext-align:center;\n}\n\n#uc_image_card_carousel_elementor_1813cea .owl-dot {\nborder-radius:50%;\ndisplay:inline-block;\n}\n\n#uc_image_card_carousel_elementor_1813cea .owl-nav .owl-prev{\n    position:absolute;\n    display:inline-block;\n    text-align:center;\n}\n#uc_image_card_carousel_elementor_1813cea .owl-nav .owl-next{\n  position:absolute;\n  display:inline-block;\n  text-align:center;\n}\n\n#uc_image_card_carousel_elementor_1813cea .owl-nav .owl-prev:after{\n    content: \"\u2190\";\n}\n#uc_image_card_carousel_elementor_1813cea .owl-nav .owl-next:after{\n    content: \"\u2192\";\n}\n\n\n.uc_dark_carousel *{\n\tmargin:0;\n\tpadding:0;\n\t-webkit-box-sizing: border-box;\n\t-moz-box-sizing: border-box;\n\tbox-sizing: border-box;\n}\n\n.uc_dark_carousel .uc_dark_carousel_box\n{\n\tmargin:0 auto;\n}\n\n#uc_image_card_carousel_elementor_1813cea .uc_dark_carousel_container_holder\n{\n\tfont-size:14px;\n\toverflow:hidden;\n\tposition:relative;\n\twidth:100%;\n}\n\n.uc_dark_carousel .uc_dark_carousel_content h2\n{\n\tfont-size:21px;\n}\n\n#uc_image_card_carousel_elementor_1813cea .uc_dark_carousel_content\n{\n  display:flex;\n  flex-direction:column;\n}\n\n#uc_image_card_carousel_elementor_1813cea .ue-content-bottom\n{\n  margin-top:auto;\n}\n\n#uc_image_card_carousel_elementor_1813cea  .uc_dark_carousel_placeholder\n{\n  position:relative;\n}\n\n\n#uc_image_card_carousel_elementor_1813cea  .uc_dark_carousel_placeholder img\n{\n\twidth:100%;\n}\n\n#uc_image_card_carousel_elementor_1813cea .uc_dark_carousel_content .uc_more_btn {\n\tdisplay:inline-block;\n}\n\n\n\n \n#uc_image_card_carousel_elementor_1813cea .ue-item {\n\topacity: 0.3;\n\ttransform: scale3d(0.8, 0.8, 1);\n\ttransition: all 0.3s ease-in-out;\n}\n\n#uc_image_card_carousel_elementor_1813cea .active.center .ue-item {\n\topacity: 1;\n\ttransform: scale3d(1, 1, 1);\n\ttransition: all 0.3s ease-in-out;\n}\n\n.ue-item-badge\n{\n  font-size:11px;\n}\n\n#uc_image_card_carousel_elementor_1813cea .ue-item-badge\n{\n  position:absolute;\n  left:4px;\n  top:5px;\n}\n\n<\/style>\n\n\t\t\t<div class=\"uc_dark_carousel\" style=\"direction:ltr;\" id=\"uc_image_card_carousel_elementor_1813cea\">\n   <div class=\"uc_dark_carousel_box owl-carousel\">\n      <div class=\"ue-item-holder\">\n<div class=\"uc_dark_carousel_container_holder ue-item\" >\n  \n  <div class=\"uc_dark_carousel_placeholder\">\n    <a href=\"https:\/\/radionocturna.com\/RN\/basica\/\" ><img decoding=\"async\" src=\"https:\/\/radionocturna.com\/RN\/wp-content\/uploads\/2023\/04\/s-1-e1775064770522.jpg\" alt=\"s-1\"><\/a>\n     \n        <div class=\"ue-item-badge\">B\u00e1sica<\/div>  \n    \t\n    \n  <\/div>\n  \n    <div class=\"uc_dark_carousel_content\" style=\"\">\n    \n        <a href=\"https:\/\/radionocturna.com\/RN\/basica\/\" >    <h2>Versi\u00f3n B\u00e1sica<\/h2>\n    <\/a>        \n    <p>La versi\u00f3n b\u00e1sica buena opci\u00f3n dispositivos m\u00f3viles. Sin im\u00e1genes \"sexosas\"<\/p>    \n        <div class=\"ue-content-bottom\"><a class=\"uc_more_btn elementor-animation-float\" href=\"https:\/\/radionocturna.com\/RN\/basica\/\" >entrar b\u00e1sica<\/a><\/div>\n      <\/div>\n    <\/div>\n<\/div>\n<div class=\"ue-item-holder\">\n<div class=\"uc_dark_carousel_container_holder ue-item\" >\n  \n  <div class=\"uc_dark_carousel_placeholder\">\n    <a href=\"https:\/\/radionocturna.com\/RN\/rnlive\/\" ><img decoding=\"async\" src=\"https:\/\/radionocturna.com\/RN\/wp-content\/uploads\/2021\/11\/20-100-e1775064790527.jpg\" alt=\"20-100\"><\/a>\n     \n        <div class=\"ue-item-badge\">Est\u00e1ndar <\/div>  \n    \t\n    \n  <\/div>\n  \n    <div class=\"uc_dark_carousel_content\" style=\"\">\n    \n        <a href=\"https:\/\/radionocturna.com\/RN\/rnlive\/\" >    <h2>Versi\u00f3n Est\u00e1ndar <\/h2>\n    <\/a>        \n    <p>Todas nuestra secciones, programaci\u00f3n, chat y acceso a radio y v\u00eddeo e informaci\u00f3n<\/p>    \n        <div class=\"ue-content-bottom\"><a class=\"uc_more_btn elementor-animation-float\" href=\"https:\/\/radionocturna.com\/RN\/rnlive\/\" >entrar est\u00e1ndar<\/a><\/div>\n      <\/div>\n    <\/div>\n<\/div>\n<div class=\"ue-item-holder\">\n<div class=\"uc_dark_carousel_container_holder ue-item\" >\n  \n  <div class=\"uc_dark_carousel_placeholder\">\n    <a href=\"https:\/\/radionocturna.com\/RN\/caliente\/\" ><img decoding=\"async\" src=\"https:\/\/radionocturna.com\/RN\/wp-content\/uploads\/2022\/08\/2020-50-e1775066992826.jpg\" alt=\"2020-50\"><\/a>\n     \n        <div class=\"ue-item-badge\">Caliente<\/div>  \n    \t\n    \n  <\/div>\n  \n    <div class=\"uc_dark_carousel_content\" style=\"\">\n    \n        <a href=\"https:\/\/radionocturna.com\/RN\/caliente\/\" >    <h2>Versi\u00f3n Caliente<\/h2>\n    <\/a>        \n    <p>*Atrevida* Todas las secciones m\u00e1s acceso a la\u00a0 Zona Adultos y otros apartados<\/p>    \n        <div class=\"ue-content-bottom\"><a class=\"uc_more_btn elementor-animation-float\" href=\"https:\/\/radionocturna.com\/RN\/caliente\/\" >entrar rn caliente<\/a><\/div>\n      <\/div>\n    <\/div>\n<\/div>\n\n   <\/div>\n<\/div>\n\t\t\t<!-- end Image Card Carousel -->\t\t<\/div>\n\t\t\t\t<\/div>\n\t\t\t\t<div class=\"elementor-element elementor-element-8640624 elementor-widget elementor-widget-spacer\" data-id=\"8640624\" data-element_type=\"widget\" data-widget_type=\"spacer.default\">\n\t\t\t\t<div class=\"elementor-widget-container\">\n\t\t\t\t\t<div class=\"elementor-spacer\">\n\t\t\t<div class=\"elementor-spacer-inner\"><\/div>\n\t\t<\/div>\n\t\t\t\t<\/div>\n\t\t\t\t<\/div>\n\t\t\t\t<div class=\"elementor-element elementor-element-d1b77ea elementor-view-default elementor-widget elementor-widget-icon\" data-id=\"d1b77ea\" data-element_type=\"widget\" data-widget_type=\"icon.default\">\n\t\t\t\t<div class=\"elementor-widget-container\">\n\t\t\t\t\t<div class=\"elementor-icon-wrapper\">\n\t\t\t<div class=\"elementor-icon elementor-animation-pulse\">\n\t\t\t<i aria-hidden=\"true\" class=\"fas fa-exclamation-triangle\"><\/i>\t\t\t<\/div>\n\t\t<\/div>\n\t\t\t\t<\/div>\n\t\t\t\t<\/div>\n\t\t\t\t<div class=\"elementor-element elementor-element-74530b0 elementor-widget elementor-widget-heading\" data-id=\"74530b0\" data-element_type=\"widget\" data-widget_type=\"heading.default\">\n\t\t\t\t<div class=\"elementor-widget-container\">\n\t\t\t<h2 class=\"elementor-heading-title elementor-size-default\">SOLO ADULTOS 18+<\/h2>\t\t<\/div>\n\t\t\t\t<\/div>\n\t\t\t\t<div class=\"elementor-element elementor-element-7e77197 elementor-widget elementor-widget-spacer\" data-id=\"7e77197\" data-element_type=\"widget\" data-widget_type=\"spacer.default\">\n\t\t\t\t<div class=\"elementor-widget-container\">\n\t\t\t\t\t<div class=\"elementor-spacer\">\n\t\t\t<div class=\"elementor-spacer-inner\"><\/div>\n\t\t<\/div>\n\t\t\t\t<\/div>\n\t\t\t\t<\/div>\n\t\t\t\t<div class=\"elementor-element elementor-element-ff641aa elementor-align-left elementor-widget elementor-widget-button\" data-id=\"ff641aa\" data-element_type=\"widget\" data-widget_type=\"button.default\">\n\t\t\t\t<div class=\"elementor-widget-container\">\n\t\t\t\t\t<div class=\"elementor-button-wrapper\">\n\t\t\t<a class=\"elementor-button elementor-button-link elementor-size-sm elementor-animation-float\" href=\"https:\/\/radionocturna.com\/RN\/acerca-rn\/\">\n\t\t\t\t\t\t<span class=\"elementor-button-content-wrapper\">\n\t\t\t\t\t\t<span class=\"elementor-button-icon elementor-align-icon-left\">\n\t\t\t\t<i aria-hidden=\"true\" class=\"fas fa-question\"><\/i>\t\t\t<\/span>\n\t\t\t\t\t\t<span class=\"elementor-button-text\">Condiciones de Uso<\/span>\n\t\t<\/span>\n\t\t\t\t\t<\/a>\n\t\t<\/div>\n\t\t\t\t<\/div>\n\t\t\t\t<\/div>\n\t\t\t\t<div class=\"elementor-element elementor-element-d6b481f elementor-widget elementor-widget-spacer\" data-id=\"d6b481f\" data-element_type=\"widget\" data-widget_type=\"spacer.default\">\n\t\t\t\t<div class=\"elementor-widget-container\">\n\t\t\t\t\t<div class=\"elementor-spacer\">\n\t\t\t<div class=\"elementor-spacer-inner\"><\/div>\n\t\t<\/div>\n\t\t\t\t<\/div>\n\t\t\t\t<\/div>\n\t\t\t\t\t<\/div>\n\t\t<\/div>\n\t\t\t\t<div class=\"elementor-column elementor-col-33 elementor-inner-column elementor-element elementor-element-f3f4242\" data-id=\"f3f4242\" data-element_type=\"column\">\n\t\t\t<div class=\"elementor-widget-wrap elementor-element-populated\">\n\t\t\t\t\t\t<div class=\"elementor-element elementor-element-e8bbff3 elementor-widget elementor-widget-spacer\" data-id=\"e8bbff3\" data-element_type=\"widget\" data-widget_type=\"spacer.default\">\n\t\t\t\t<div class=\"elementor-widget-container\">\n\t\t\t\t\t<div class=\"elementor-spacer\">\n\t\t\t<div class=\"elementor-spacer-inner\"><\/div>\n\t\t<\/div>\n\t\t\t\t<\/div>\n\t\t\t\t<\/div>\n\t\t\t\t\t<\/div>\n\t\t<\/div>\n\t\t\t\t\t<\/div>\n\t\t<\/section>\n\t\t\t\t\t<\/div>\n\t\t<\/div>\n\t\t\t\t\t<\/div>\n\t\t<\/section>\n\t\t\t\t<\/div>\n\t\t","protected":false},"excerpt":{"rendered":"<p>RADIONOCTURNA .com Siempre en vivo , sin censura , comunidad , cultural , divertida La Estaci\u00f3n M\u00e1s Sexy en Internet 20 a\u00f1os al aire ofreciendo un espacio de expresi\u00f3n para el entretenimiento adulto. Sexualidad, desmadre, cultura, alternativos, diversidad y m\u00e1s. 100% libres de censura y siempre en Vivo! B\u00e1sica Versi\u00f3n B\u00e1sica La versi\u00f3n b\u00e1sica buena [&hellip;]<\/p>\n","protected":false},"author":1,"featured_media":0,"parent":0,"menu_order":0,"comment_status":"closed","ping_status":"closed","template":"elementor_header_footer","meta":{"ocean_post_layout":"","ocean_both_sidebars_style":"","ocean_both_sidebars_content_width":0,"ocean_both_sidebars_sidebars_width":0,"ocean_sidebar":"0","ocean_second_sidebar":"0","ocean_disable_margins":"enable","ocean_add_body_class":"","ocean_shortcode_before_top_bar":"","ocean_shortcode_after_top_bar":"","ocean_shortcode_before_header":"","ocean_shortcode_after_header":"","ocean_has_shortcode":"","ocean_shortcode_after_title":"","ocean_shortcode_before_footer_widgets":"","ocean_shortcode_after_footer_widgets":"","ocean_shortcode_before_footer_bottom":"","ocean_shortcode_after_footer_bottom":"","ocean_display_top_bar":"off","ocean_display_header":"off","ocean_header_style":"","ocean_center_header_left_menu":"0","ocean_custom_header_template":"0","ocean_custom_logo":0,"ocean_custom_retina_logo":0,"ocean_custom_logo_max_width":0,"ocean_custom_logo_tablet_max_width":0,"ocean_custom_logo_mobile_max_width":0,"ocean_custom_logo_max_height":0,"ocean_custom_logo_tablet_max_height":0,"ocean_custom_logo_mobile_max_height":0,"ocean_header_custom_menu":"0","ocean_menu_typo_font_family":"0","ocean_menu_typo_font_subset":"","ocean_menu_typo_font_size":0,"ocean_menu_typo_font_size_tablet":0,"ocean_menu_typo_font_size_mobile":0,"ocean_menu_typo_font_size_unit":"px","ocean_menu_typo_font_weight":"","ocean_menu_typo_font_weight_tablet":"","ocean_menu_typo_font_weight_mobile":"","ocean_menu_typo_transform":"","ocean_menu_typo_transform_tablet":"","ocean_menu_typo_transform_mobile":"","ocean_menu_typo_line_height":0,"ocean_menu_typo_line_height_tablet":0,"ocean_menu_typo_line_height_mobile":0,"ocean_menu_typo_line_height_unit":"","ocean_menu_typo_spacing":0,"ocean_menu_typo_spacing_tablet":0,"ocean_menu_typo_spacing_mobile":0,"ocean_menu_typo_spacing_unit":"","ocean_menu_link_color":"","ocean_menu_link_color_hover":"","ocean_menu_link_color_active":"","ocean_menu_link_background":"","ocean_menu_link_hover_background":"","ocean_menu_link_active_background":"","ocean_menu_social_links_bg":"","ocean_menu_social_hover_links_bg":"","ocean_menu_social_links_color":"","ocean_menu_social_hover_links_color":"","ocean_disable_title":"on","ocean_disable_heading":"default","ocean_post_title":"","ocean_post_subheading":"","ocean_post_title_style":"","ocean_post_title_background_color":"","ocean_post_title_background":0,"ocean_post_title_bg_image_position":"","ocean_post_title_bg_image_attachment":"","ocean_post_title_bg_image_repeat":"","ocean_post_title_bg_image_size":"","ocean_post_title_height":0,"ocean_post_title_bg_overlay":0.5,"ocean_post_title_bg_overlay_color":"","ocean_disable_breadcrumbs":"off","ocean_breadcrumbs_color":"","ocean_breadcrumbs_separator_color":"","ocean_breadcrumbs_links_color":"","ocean_breadcrumbs_links_hover_color":"","ocean_display_footer_widgets":"off","ocean_display_footer_bottom":"default","ocean_custom_footer_template":"0","footnotes":""},"class_list":["post-89768","page","type-page","status-publish","hentry","entry"],"_links":{"self":[{"href":"https:\/\/radionocturna.com\/RN\/wp-json\/wp\/v2\/pages\/89768","targetHints":{"allow":["GET"]}}],"collection":[{"href":"https:\/\/radionocturna.com\/RN\/wp-json\/wp\/v2\/pages"}],"about":[{"href":"https:\/\/radionocturna.com\/RN\/wp-json\/wp\/v2\/types\/page"}],"author":[{"embeddable":true,"href":"https:\/\/radionocturna.com\/RN\/wp-json\/wp\/v2\/users\/1"}],"replies":[{"embeddable":true,"href":"https:\/\/radionocturna.com\/RN\/wp-json\/wp\/v2\/comments?post=89768"}],"version-history":[{"count":3360,"href":"https:\/\/radionocturna.com\/RN\/wp-json\/wp\/v2\/pages\/89768\/revisions"}],"predecessor-version":[{"id":174694,"href":"https:\/\/radionocturna.com\/RN\/wp-json\/wp\/v2\/pages\/89768\/revisions\/174694"}],"wp:attachment":[{"href":"https:\/\/radionocturna.com\/RN\/wp-json\/wp\/v2\/media?parent=89768"}],"curies":[{"name":"wp","href":"https:\/\/api.w.org\/{rel}","templated":true}]}}